{"id":272,"date":"2023-11-08T21:29:20","date_gmt":"2023-11-08T21:29:20","guid":{"rendered":"https:\/\/viaverde.wpenginepowered.com\/?page_id=272"},"modified":"2023-11-30T19:27:15","modified_gmt":"2023-11-30T19:27:15","slug":"terms","status":"publish","type":"page","link":"https:\/\/peirot.com\/pt\/terms\/","title":{"rendered":"Terms of Use"},"content":{"rendered":"<div data-elementor-type=\"wp-page\" data-elementor-id=\"272\" class=\"elementor elementor-272\" data-elementor-post-type=\"page\">\n\t\t\t\t\t\t<section class=\"elementor-section elementor-top-section elementor-element elementor-element-79e27c0e elementor-section-boxed elementor-section-height-default elementor-section-height-default\" data-id=\"79e27c0e\" data-element_type=\"section\" data-e-type=\"section\" data-settings=\"{&quot;background_background&quot;:&quot;classic&quot;}\">\n\t\t\t\t\t\t<div class=\"elementor-container elementor-column-gap-default\">\n\t\t\t\t\t<div class=\"elementor-column elementor-col-100 elementor-top-column elementor-element elementor-element-6ffe82a5 animated-slow elementor-invisible\" data-id=\"6ffe82a5\" data-element_type=\"column\" data-e-type=\"column\" data-settings=\"{&quot;animation&quot;:&quot;fadeInLeft&quot;}\">\n\t\t\t<div class=\"elementor-widget-wrap elementor-element-populated\">\n\t\t\t\t\t\t<div class=\"elementor-element elementor-element-2ef13f9b elementor-widget elementor-widget-heading\" data-id=\"2ef13f9b\" data-element_type=\"widget\" data-e-type=\"widget\" data-widget_type=\"heading.default\">\n\t\t\t\t<div class=\"elementor-widget-container\">\n\t\t\t\t\t<h1 class=\"elementor-heading-title elementor-size-default\">TERMOS DE USO<\/h1>\t\t\t\t<\/div>\n\t\t\t\t<\/div>\n\t\t\t\t<div class=\"elementor-element elementor-element-46acb6df elementor-widget elementor-widget-heading\" data-id=\"46acb6df\" data-element_type=\"widget\" data-e-type=\"widget\" data-widget_type=\"heading.default\">\n\t\t\t\t<div class=\"elementor-widget-container\">\n\t\t\t\t\t<h2 class=\"elementor-heading-title elementor-size-default\">Leia atentamente estes termos.<\/h2>\t\t\t\t<\/div>\n\t\t\t\t<\/div>\n\t\t\t\t<div class=\"elementor-element elementor-element-d344867 elementor-widget__width-initial elementor-widget elementor-widget-text-editor\" data-id=\"d344867\" data-element_type=\"widget\" data-e-type=\"widget\" data-widget_type=\"text-editor.default\">\n\t\t\t\t<div class=\"elementor-widget-container\">\n\t\t\t\t\t\t\t\t\t<p>Comprando nossos produtos ou servi\u00e7os, e continuar a rever o nosso site e materiais que o acompanham, voc\u00ea est\u00e1 concordando com estes termos. Se voc\u00ea n\u00e3o concorda com estes termos, n\u00e3o utilize os nossos servi\u00e7os, site, ou materiais que o acompanham.<\/p><p>Este acordo legal entre voc\u00ea e a Peirot (&#034;Peirot&#034;) rege a sua utiliza\u00e7\u00e3o da Viaverde.com site (&#034;site&#034;), servi\u00e7os e revis\u00e3o de quaisquer outras informa\u00e7\u00f5es ou materiais (&#034;Materiais&#034;) fornecida pela Peirot. Peirot fornece produtos e servi\u00e7os conhecidos coletivamente como Produtos e Servi\u00e7os (&#034;Produtos e Servi\u00e7os&#034;). Este contrato explica os riscos que est\u00e1 assumindo ao usar o nosso Site, Produtos e Servi\u00e7os, ou revisar quaisquer Materiais que o Acompanham. \u00c9 fundamental que voc\u00ea leia e entenda este acordo completamente.<\/p><p><strong>Este \u00e9 um contrato eletr\u00f4nico.<\/strong><\/p><p>Voc\u00ea reconhece que suas submiss\u00f5es electr\u00f3nicas constituem o seu acordo e inten\u00e7\u00e3o de vincular-se e pagar por tais acordos e compras de produtos e servi\u00e7os. A sua concord\u00e2ncia com submiss\u00f5es eletr\u00f4nicas aplica-se a todos os registros relativos a todas as transa\u00e7\u00f5es que voc\u00ea entrar Viaverde.com, incluindo avisos de cancelamento, pol\u00edticas, contratos e aplica\u00e7\u00f5es. Em ordem para usar Viaverde.com e a aceder e conservar os registros eletr\u00f4nicos, voc\u00ea poder\u00e1 ser exigido que tenha determinado hardware e software, que s\u00e3o da sua exclusiva responsabilidade. Peirot n\u00e3o \u00e9 respons\u00e1vel por erros tipogr\u00e1ficos neste contrato, no nosso Site, na descri\u00e7\u00e3o de Produtos e Servi\u00e7os, ou nos Materiais que o Acompanham.<\/p><p><strong>Para proteger a sua conta.<\/strong><\/p><p>Como um usu\u00e1rio registrado do Viaverde.com, voc\u00ea poder\u00e1 estabelecer uma conta (&#034;Conta&#034;) em nosso Site. N\u00e3o revele suas informa\u00e7\u00f5es de Conta para qualquer outra pessoa. Voc\u00ea \u00e9 o \u00fanico respons\u00e1vel por manter a seguran\u00e7a e a confidencialidade da sua Conta e por todas as actividades que ocorrem na ou atrav\u00e9s da sua Conta. N\u00e3o compartilhar senhas ou qualquer m\u00eddia fornecida pela Peirot. Isso \u00e9 considerado roubo e ser\u00e1 tratado como tal, incluindo a descontinua\u00e7\u00e3o de Produtos e Servi\u00e7os, e a remo\u00e7\u00e3o de qualquer uma de nossas participantes de programas com nenhum reembolso. Voc\u00ea concorda em notificar imediatamente a Peirot de qualquer poss\u00edvel viola\u00e7\u00e3o da seguran\u00e7a de sua Conta. Peirot n\u00e3o \u00e9 respons\u00e1vel por quaisquer preju\u00edzos que possam resultar do uso n\u00e3o autorizado de sua Conta.<\/p><p>Voc\u00ea concorda em fornecer informa\u00e7\u00f5es precisas e completas quando voc\u00ea se registrar com a Peirot e como voc\u00ea usa o Site, Produtos e Servi\u00e7os, e Materiais que o Acompanham. Voc\u00ea concorda que a Peirot poder\u00e1 armazenar e utilizar as informa\u00e7\u00f5es de registo, incluindo o m\u00e9todo de pagamento, voc\u00ea fornecer para uso na manuten\u00e7\u00e3o e faturamento de taxas para a sua Conta.<\/p><p><strong>A sua privacidade \u00e9 importante para n\u00f3s.<\/strong><\/p><p>Your use of Peirot Website, Products and Services, and Accompanying Materials is subject to our Privacy Policy located at: https:\/\/Viaverde.com\/privacy<\/p><p><strong>Informa\u00e7\u00f5es no nosso site e em nossos materiais \u00e9 apresentada COMO a base.<\/strong><\/p><p>Todas as informa\u00e7\u00f5es apresentadas em nosso Site e nos materiais que o Acompanham \u00e9 fornecido COMO-\u00c9 a base. Nem n\u00f3s nem quaisquer terceiros fornecem qualquer garantia quanto \u00e0 precis\u00e3o, pontualidade, desempenho, integralidade ou adequa\u00e7\u00e3o das informa\u00e7\u00f5es e materiais encontrados ou oferecidos neste website para qualquer prop\u00f3sito espec\u00edfico. Voc\u00ea reconhece que tais informa\u00e7\u00f5es e materiais podem conter imprecis\u00f5es ou erros e que expressamente exclui a responsabilidade por quaisquer imprecis\u00f5es ou erros na m\u00e1xima extens\u00e3o permitida por lei.<\/p><p><strong>Use a seu pr\u00f3prio risco.<\/strong><\/p><p>O uso de qualquer informa\u00e7\u00e3o ou materiais neste site \u00e9 inteiramente por sua pr\u00f3pria conta e risco, para o qual n\u00e3o deve ser responsabilizado. Ser\u00e1 sua responsabilidade para assegurar que quaisquer produtos, servi\u00e7os ou informa\u00e7\u00e3o disponibilizada atrav\u00e9s deste website atender \u00e0s suas necessidades espec\u00edficas.<\/p><p><strong>N\u00e3o reproduzir nosso site ou de materiais sem permiss\u00e3o.<\/strong><\/p><p>Este Site cont\u00e9m material que \u00e9 de propriedade ou licenciados para n\u00f3s. Este material inclui, mas n\u00e3o est\u00e1 limitado a, o design, layout, apar\u00eancia e gr\u00e1ficos. A reprodu\u00e7\u00e3o \u00e9 proibida, excepto de acordo com o aviso de copyright, que faz parte destes termos e acordo.<\/p><p><strong>N\u00e3o uso n\u00e3o autorizado.<\/strong><\/p><p>Este Site \u00e9 para ser usado para a finalidade a que se destina a revisar informa\u00e7\u00f5es e compra de Produtos ou Servi\u00e7os. O uso n\u00e3o autorizado deste Site pode dar origem a um pedido de indemniza\u00e7\u00e3o e\/ou ser uma ofensa criminal.<\/p><p><strong>Libera\u00e7\u00e3o de responsabilidade.<\/strong><\/p><p>Voc\u00ea, por si e em nome de meus herdeiros, sucessores, procuradores, representantes pessoais e familiares, de maneira irrevog\u00e1vel e incondicional liberta\u00e7\u00e3o, e para sempre descarga Atrav\u00e9s de Verde, e suas afiliadas, sucessores, cession\u00e1rios, acionistas, administradores, diretores, funcion\u00e1rios, treinadores pessoais e representantes legais de todos os tipos de a\u00e7\u00f5es, causas de a\u00e7\u00e3o, processos, demandas, d\u00edvidas, contas, conv\u00eanios, contratos e danos que possam ser sofridos por voc\u00ea, agora ou no futuro, em conex\u00e3o com a minha participa\u00e7\u00e3o em Produtos e Servi\u00e7os, revis\u00e3o da Peirot do Site, e Materiais que o Acompanham.<\/p><p>Voc\u00ea concorda em isentar de responsabilidade a Peirot, os seus respectivos representantes, executores, agentes, cession\u00e1rios de qualquer e todas as reivindica\u00e7\u00f5es, demandas, danos, direitos de a\u00e7\u00e3o ou causas de a\u00e7\u00e3o, presentes ou futuros, decorrentes ou conectado a minha participa\u00e7\u00e3o em Produtos e Servi\u00e7os, revis\u00e3o de Peirot do Website e Materiais que o Acompanham, ou qualquer e todos os atos ou omiss\u00e3o, incluindo neglig\u00eancia, pela Peirot.<\/p><p>Voc\u00ea concorda em indenizar a Peirot de e contra todas as reivindica\u00e7\u00f5es, danos ou despesas decorrentes de qualquer viola\u00e7\u00e3o do acima estabelecido representa\u00e7\u00f5es e garantias.<\/p><p>O presente contrato reflecte o acordo completo entre voc\u00ea e a Peirot e n\u00e3o verbal declara\u00e7\u00f5es ou promessas feitas pela Peirot ou seus representantes e para voc\u00ea que n\u00e3o est\u00e3o contidos no presente Acordo ser\u00e1 v\u00e1lido ou de liga\u00e7\u00e3o.<\/p><p><strong>Este contrato ser\u00e1 regido pelas leis do Brasil.<\/strong><\/p><p>Voc\u00ea reconhece que voc\u00ea ler cuidadosamente este Contrato e Termos e entender que ele \u00e9 uma libera\u00e7\u00e3o de responsabilidade. Ao concordar, voc\u00ea est\u00e1 com ren\u00fancia a qualquer direito, ou de seus sucessores pode ter que trazer uma a\u00e7\u00e3o judicial ou fa\u00e7a uma queixa contra a Peirot, os seus respectivos representantes, executores e\/ou cession\u00e1rios.<\/p><p>Voc\u00ea garante e representa que voc\u00ea tem mais de dezoito (18), ter lido o exposto e entender completamente o significado e o efeito da mesma, e, com a inten\u00e7\u00e3o de ser legalmente vinculado.<\/p>\t\t\t\t\t\t\t\t<\/div>\n\t\t\t\t<\/div>\n\t\t\t\t\t<\/div>\n\t\t<\/div>\n\t\t\t\t\t<\/div>\n\t\t<\/section>\n\t\t\t\t<\/div>","protected":false},"excerpt":{"rendered":"<p>TERMS OF USE Read these terms carefully. By purchasing our products or services, and continuing to review our website and accompanying materials, you are agreeing to these terms. If you do not agree to these terms, do not use our services, website, or accompanying materials. This legal agreement between you and Peirot (\u201cPeirot\u201d) governs your [&hellip;]<\/p>\n","protected":false},"author":1,"featured_media":0,"parent":0,"menu_order":0,"comment_status":"closed","ping_status":"closed","template":"elementor_header_footer","meta":{"footnotes":""},"class_list":["post-272","page","type-page","status-publish","hentry"],"_links":{"self":[{"href":"https:\/\/peirot.com\/pt\/wp-json\/wp\/v2\/pages\/272","targetHints":{"allow":["GET"]}}],"collection":[{"href":"https:\/\/peirot.com\/pt\/wp-json\/wp\/v2\/pages"}],"about":[{"href":"https:\/\/peirot.com\/pt\/wp-json\/wp\/v2\/types\/page"}],"author":[{"embeddable":true,"href":"https:\/\/peirot.com\/pt\/wp-json\/wp\/v2\/users\/1"}],"replies":[{"embeddable":true,"href":"https:\/\/peirot.com\/pt\/wp-json\/wp\/v2\/comments?post=272"}],"version-history":[{"count":0,"href":"https:\/\/peirot.com\/pt\/wp-json\/wp\/v2\/pages\/272\/revisions"}],"wp:attachment":[{"href":"https:\/\/peirot.com\/pt\/wp-json\/wp\/v2\/media?parent=272"}],"curies":[{"name":"wp","href":"https:\/\/api.w.org\/{rel}","templated":true}]}}